{"id":1086,"date":"2025-05-13T11:45:15","date_gmt":"2025-05-13T11:45:15","guid":{"rendered":"https:\/\/var2.in.rs\/?page_id=1086"},"modified":"2025-05-13T11:48:08","modified_gmt":"2025-05-13T11:48:08","slug":"arsenal-fest-2025","status":"publish","type":"page","link":"https:\/\/var2.in.rs\/index.php\/arsenal-fest-2025\/","title":{"rendered":"Arsenal Fest 2025"},"content":{"rendered":"\n<figure class=\"wp-block-image size-large\"><a href=\"https:\/\/arsenalfest.rs\/line-up\/\" target=\"_blank\" rel=\" noreferrer noopener\"><img loading=\"lazy\" decoding=\"async\" width=\"1024\" height=\"576\" src=\"https:\/\/var2.in.rs\/wp-content\/uploads\/2025\/05\/AF25-Massive-Attack-cover-1024x576.jpg\" alt=\"\" class=\"wp-image-1087\" srcset=\"https:\/\/var2.in.rs\/wp-content\/uploads\/2025\/05\/AF25-Massive-Attack-cover-1024x576.jpg 1024w, https:\/\/var2.in.rs\/wp-content\/uploads\/2025\/05\/AF25-Massive-Attack-cover-300x169.jpg 300w, https:\/\/var2.in.rs\/wp-content\/uploads\/2025\/05\/AF25-Massive-Attack-cover-768x432.jpg 768w, https:\/\/var2.in.rs\/wp-content\/uploads\/2025\/05\/AF25-Massive-Attack-cover-1536x864.jpg 1536w, https:\/\/var2.in.rs\/wp-content\/uploads\/2025\/05\/AF25-Massive-Attack-cover.jpg 1920w\" sizes=\"auto, (max-width: 1024px) 100vw, 1024px\" \/><\/a><\/figure>\n\n\n\n<p><strong>Arsenal Fest slavi 15 godina uz spektakularne nastupe na Main Stage-u: Massive Attack, Faithless, Michael Kiwanuka, The Hu, La Femme, Bu\u010d Kesidi, Senidah, Bajaga, Zoster i mnogi drugi!<\/strong><\/p>\n\n\n\n<p>Jedan od najautenti\u010dnijih i najzna\u010dajnijih muzi\u010dkih festivala u regionu \u2013 <strong>Arsenal Fest<\/strong> \u2013 ove godine obele\u017eava veliki jubilej: <strong>15 godina postojanja!<\/strong> Festival \u0107e biti odr\u017ean od <strong>26. do 28. juna<\/strong> u prepoznatljivom industrijskom ambijentu nekada\u0161nje topionice u <strong>Kragujevcu<\/strong>, a ovogodi\u0161nji line-up na <strong>Main Stage-u<\/strong> potvr\u0111uje njegov status kao nezaobilaznog doga\u0111aja na evropskoj festivalskoj mapi.<\/p>\n\n\n\n<figure class=\"wp-block-image size-large\"><img loading=\"lazy\" decoding=\"async\" width=\"1024\" height=\"576\" src=\"https:\/\/var2.in.rs\/wp-content\/uploads\/2025\/05\/AF25-Faithless-cover-1024x576.jpg\" alt=\"\" class=\"wp-image-1088\" srcset=\"https:\/\/var2.in.rs\/wp-content\/uploads\/2025\/05\/AF25-Faithless-cover-1024x576.jpg 1024w, https:\/\/var2.in.rs\/wp-content\/uploads\/2025\/05\/AF25-Faithless-cover-300x169.jpg 300w, https:\/\/var2.in.rs\/wp-content\/uploads\/2025\/05\/AF25-Faithless-cover-768x432.jpg 768w, https:\/\/var2.in.rs\/wp-content\/uploads\/2025\/05\/AF25-Faithless-cover-1536x864.jpg 1536w, https:\/\/var2.in.rs\/wp-content\/uploads\/2025\/05\/AF25-Faithless-cover.jpg 1920w\" sizes=\"auto, (max-width: 1024px) 100vw, 1024px\" \/><\/figure>\n\n\n\n<p><strong>Massive Attack i Faithless \u2013 globalne ikone sti\u017eu na Arsenal<\/strong><\/p>\n\n\n\n<p>Najve\u0107e uzbu\u0111enje izazvalo je najava <strong>gostovanja legendarne britanske grupe Massive Attack<\/strong>, koja \u0107e po prvi put nastupiti u Kragujevcu i to prvog festivalskog dana. Ovaj pionirski trip-hop bend iz Bristola poznat je po kultnim albumima poput <em>Mezzanine<\/em>, <em>Blue Lines<\/em> i <em>100th Window<\/em>. Njihov nastup na Arsenal Festu bi\u0107e jedinstveno audiovizuelno iskustvo koje publika ne sme da propusti.<\/p>\n\n\n\n<p>Vi\u0161e od decenije nakon poslednjeg nastupa u Srbiji (EXIT, 2010), <strong>Faithless<\/strong>, jedan od najuticajnijih elektronskih sastava svih vremena, vra\u0107a se na doma\u0107u scenu. Sa bezvremenskim hitovima kao \u0161to su <em>Insomnia<\/em>, <em>God is a DJ<\/em> i <em>We Come 1<\/em>, Faithless dolazi da zajedno sa publikom proslavi 15 godina Arsenala \u2013 i ispi\u0161e novo festivalsko poglavlje. Njihov live nastup obele\u017ei\u0107e poslednje festivalsko ve\u010de na Main Stage-u.<\/p>\n\n\n\n<figure class=\"wp-block-image size-large\"><img loading=\"lazy\" decoding=\"async\" width=\"1024\" height=\"576\" src=\"https:\/\/var2.in.rs\/wp-content\/uploads\/2025\/05\/AF25-Michael-Kiwanuka-cover-1024x576.jpg\" alt=\"\" class=\"wp-image-1089\" srcset=\"https:\/\/var2.in.rs\/wp-content\/uploads\/2025\/05\/AF25-Michael-Kiwanuka-cover-1024x576.jpg 1024w, https:\/\/var2.in.rs\/wp-content\/uploads\/2025\/05\/AF25-Michael-Kiwanuka-cover-300x169.jpg 300w, https:\/\/var2.in.rs\/wp-content\/uploads\/2025\/05\/AF25-Michael-Kiwanuka-cover-768x432.jpg 768w, https:\/\/var2.in.rs\/wp-content\/uploads\/2025\/05\/AF25-Michael-Kiwanuka-cover-1536x864.jpg 1536w, https:\/\/var2.in.rs\/wp-content\/uploads\/2025\/05\/AF25-Michael-Kiwanuka-cover.jpg 1920w\" sizes=\"auto, (max-width: 1024px) 100vw, 1024px\" \/><\/figure>\n\n\n\n<p><strong>Michael Kiwanuka \u2013 savremeni soul sa du\u0161om klasike<\/strong><\/p>\n\n\n\n<p>Me\u0111u headlinerima je i vi\u0161estruko nagra\u0111ivani britanski muzi\u010dar <strong>Michael Kiwanuka<\/strong>. Njegov retro-soul izraz i introspektivni tekstovi prizivaju duh muzi\u010dkih velikana kao \u0161to su Bill Withers i Otis Redding. Album <em>Kiwanuka<\/em> (2019) doneo mu je svetsku slavu, dok su njegove pesme postale nezaobilazne u popularnoj kulturi \u2013 uklju\u010duju\u0107i i \u010duvenu seriju <em>Big Little Lies<\/em>. Ovaj harizmati\u010dni izvo\u0111a\u010d koji je u piku svoje karijere, nastupi\u0107e na Main Stage-u poslednjeg festivalskog dana, 28. juna.<\/p>\n\n\n\n<figure class=\"wp-block-image size-large\"><img loading=\"lazy\" decoding=\"async\" width=\"1024\" height=\"576\" src=\"https:\/\/var2.in.rs\/wp-content\/uploads\/2025\/05\/AF25-Joker-Out-cover-1024x576.jpg\" alt=\"\" class=\"wp-image-1090\" srcset=\"https:\/\/var2.in.rs\/wp-content\/uploads\/2025\/05\/AF25-Joker-Out-cover-1024x576.jpg 1024w, https:\/\/var2.in.rs\/wp-content\/uploads\/2025\/05\/AF25-Joker-Out-cover-300x169.jpg 300w, https:\/\/var2.in.rs\/wp-content\/uploads\/2025\/05\/AF25-Joker-Out-cover-768x432.jpg 768w, https:\/\/var2.in.rs\/wp-content\/uploads\/2025\/05\/AF25-Joker-Out-cover-1536x864.jpg 1536w, https:\/\/var2.in.rs\/wp-content\/uploads\/2025\/05\/AF25-Joker-Out-cover.jpg 1920w\" sizes=\"auto, (max-width: 1024px) 100vw, 1024px\" \/><\/figure>\n\n\n\n<p><strong>Najja\u010da regionalna i svetska imena na Main Stage-u<\/strong><\/p>\n\n\n\n<p>Uz svetske zvezde, Arsenal Fest na glavnoj bini okuplja i <strong>vrhunska imena doma\u0107e i regionalne scene<\/strong>: energi\u010dni <strong>Bu\u010d Kesidi<\/strong>, harizmati\u010dna <strong>Senidah<\/strong>, legendarni <strong>Bajaga i Instruktori<\/strong>, <strong>Zoster<\/strong>, <strong>Rundek i Ekipa<\/strong>, <strong>Osvaja\u010di<\/strong>, kao i slovena\u010dka indie-pop senzacija <strong>Joker Out<\/strong> i francuski psihodeli\u010dni sastav <strong>La Femme<\/strong>. Posebnu pa\u017enju privla\u010di i <strong>The Hu<\/strong>, mongolski folk-metal bend koji je poslednjih godina stekao kultni status \u0161irom sveta, spajaju\u0107i tradicionalne mongolske instrumente i grlene vokale sa \u017eestokim rock zvukom. Njihov nastup na Arsenal Festu obe\u0107ava nesvakida\u0161nje muzi\u010dko iskustvo.<\/p>\n\n\n\n<p><strong>Vi\u0161e od festivala \u2013 Arsenal kao kulturni pokret<\/strong><\/p>\n\n\n\n<p>Arsenal Fest je mnogo vi\u0161e od muzi\u010dkog festivala. Sa tri bine, umetni\u010dkim instalacijama, bogatom gastronomskom ponudom i atmosferom koja kombinuje urbano i industrijsko nasle\u0111e, Arsenal nudi <strong>potpuno iskustvo<\/strong>. Festival se odr\u017eava u autenti\u010dnom prostoru <strong>Kne\u017eevog arsenala<\/strong>, koji povezuje pro\u0161lost Kragujevca kao industrijskog centra sa njegovim savremenim umetni\u010dkim duhom. Arsenal Fest nije samo festival \u2013 to je slavlje muzike, zajedni\u0161tva i petnaestogodi\u0161njeg truda da se stvori jedno od najposebnijih mesta za muzi\u010dke susrete u ovom delu Evrope!<\/p>\n\n\n\n<p><strong>Ulaznice su u prodaji na <a href=\"https:\/\/tickets.rs\/tour\/arsenal_fest_2025_1859\">Ticket.rs<\/a><\/strong> i na svim Ticket Vision prodajnim mestima. Obezbedite svoje karte na vreme jer se zbog velikog interesovanja o\u010dekuje rekordna poseta!<\/p>\n","protected":false},"excerpt":{"rendered":"<p>Arsenal Fest slavi 15 godina uz spektakularne nastupe na Main Stage-u: Massive Attack, [&hellip;]<\/p>\n","protected":false},"author":1,"featured_media":0,"parent":0,"menu_order":0,"comment_status":"closed","ping_status":"closed","template":"","meta":{"footnotes":""},"class_list":["post-1086","page","type-page","status-publish","hentry"],"_links":{"self":[{"href":"https:\/\/var2.in.rs\/index.php\/wp-json\/wp\/v2\/pages\/1086","targetHints":{"allow":["GET"]}}],"collection":[{"href":"https:\/\/var2.in.rs\/index.php\/wp-json\/wp\/v2\/pages"}],"about":[{"href":"https:\/\/var2.in.rs\/index.php\/wp-json\/wp\/v2\/types\/page"}],"author":[{"embeddable":true,"href":"https:\/\/var2.in.rs\/index.php\/wp-json\/wp\/v2\/users\/1"}],"replies":[{"embeddable":true,"href":"https:\/\/var2.in.rs\/index.php\/wp-json\/wp\/v2\/comments?post=1086"}],"version-history":[{"count":2,"href":"https:\/\/var2.in.rs\/index.php\/wp-json\/wp\/v2\/pages\/1086\/revisions"}],"predecessor-version":[{"id":1092,"href":"https:\/\/var2.in.rs\/index.php\/wp-json\/wp\/v2\/pages\/1086\/revisions\/1092"}],"wp:attachment":[{"href":"https:\/\/var2.in.rs\/index.php\/wp-json\/wp\/v2\/media?parent=1086"}],"curies":[{"name":"wp","href":"https:\/\/api.w.org\/{rel}","templated":true}]}}