{"id":159,"date":"2024-01-28T15:12:56","date_gmt":"2024-01-28T15:12:56","guid":{"rendered":"https:\/\/var2.in.rs\/?page_id=159"},"modified":"2025-11-02T08:42:14","modified_gmt":"2025-11-02T08:42:14","slug":"arsenal-fest","status":"publish","type":"page","link":"https:\/\/var2.in.rs\/index.php\/arsenal-fest\/","title":{"rendered":"Arsenal Fest 2024"},"content":{"rendered":"\n<p>Arsenal Fest odr\u017eava se krajem svakog juna u Kragujevcu, srcu \u0160umadije, nekada\u0161njoj prestonici Srbije, gradu najpoznatijem po autenti\u010dnoj automobilskoj industriji.<\/p>\n\n\n\n<p>Za samo nekoliko godina, festival se nametnuo kao jedan od najzanimljivijih, najrelevantnijih i najperspektivnijih letnjih festivala na otvorenom u Srbiji, ex-YU i ovom delu Evrope.<\/p>\n\n\n\n<p>Arsenal Fest je aktivan \u010dan evropske asocijacije festivala \u201cYourope\u201d i 2019. godine bio je u naju\u017eem izboru za najbolji evropski mali festival. Zbog svog velikog zna\u010daja za kulturni \u017eivot Kragujevca, festival je 2020. godine progla\u0161en za manifestaciju od javnog zna\u010daja. Tako\u0111e. 2020. godine festival je nagra\u0111en \u201c\u0110ur\u0111evdanskom nagradom\u201d za doprinos kulturi u Kragujevcu.<\/p>\n\n\n\n<p>Festival, koji je ove godine pod sloganom \u201cArsenal fest \u2013 Isijavanje\u201d, \u0107e ove godine trajati od 27. do 29. juna. Nastupi \u0107e biti tradicionalno odr\u017eani na lokaciji Kne\u017eev Arsenal, Trg Topolivaca u Kragujevcu, na tri scene: Main Stage, Garden Stage i Explosive Stage.<\/p>\n\n\n\n<figure class=\"wp-block-gallery has-nested-images columns-default is-cropped wp-block-gallery-1 is-layout-flex wp-block-gallery-is-layout-flex\">\n<figure class=\"wp-block-image size-large\"><a href=\"https:\/\/arsenalfest.rs\/\" target=\"_blank\" rel=\" noreferrer noopener\"><img loading=\"lazy\" decoding=\"async\" width=\"1024\" height=\"576\" data-id=\"1097\" src=\"https:\/\/var2.in.rs\/wp-content\/uploads\/2025\/05\/AF25-Massive-Attack-cover-1-1024x576.jpg\" alt=\"\" class=\"wp-image-1097\" srcset=\"https:\/\/var2.in.rs\/wp-content\/uploads\/2025\/05\/AF25-Massive-Attack-cover-1-1024x576.jpg 1024w, https:\/\/var2.in.rs\/wp-content\/uploads\/2025\/05\/AF25-Massive-Attack-cover-1-300x169.jpg 300w, https:\/\/var2.in.rs\/wp-content\/uploads\/2025\/05\/AF25-Massive-Attack-cover-1-768x432.jpg 768w, https:\/\/var2.in.rs\/wp-content\/uploads\/2025\/05\/AF25-Massive-Attack-cover-1-1536x864.jpg 1536w, https:\/\/var2.in.rs\/wp-content\/uploads\/2025\/05\/AF25-Massive-Attack-cover-1.jpg 1920w\" sizes=\"auto, (max-width: 1024px) 100vw, 1024px\" \/><\/a><\/figure>\n<\/figure>\n\n\n\n<p><\/p>\n","protected":false},"excerpt":{"rendered":"<p>Arsenal Fest odr\u017eava se krajem svakog juna u Kragujevcu, srcu \u0160umadije, nekada\u0161njoj prestonici [&hellip;]<\/p>\n","protected":false},"author":1,"featured_media":0,"parent":0,"menu_order":0,"comment_status":"closed","ping_status":"closed","template":"","meta":{"footnotes":""},"class_list":["post-159","page","type-page","status-publish","hentry"],"_links":{"self":[{"href":"https:\/\/var2.in.rs\/index.php\/wp-json\/wp\/v2\/pages\/159","targetHints":{"allow":["GET"]}}],"collection":[{"href":"https:\/\/var2.in.rs\/index.php\/wp-json\/wp\/v2\/pages"}],"about":[{"href":"https:\/\/var2.in.rs\/index.php\/wp-json\/wp\/v2\/types\/page"}],"author":[{"embeddable":true,"href":"https:\/\/var2.in.rs\/index.php\/wp-json\/wp\/v2\/users\/1"}],"replies":[{"embeddable":true,"href":"https:\/\/var2.in.rs\/index.php\/wp-json\/wp\/v2\/comments?post=159"}],"version-history":[{"count":6,"href":"https:\/\/var2.in.rs\/index.php\/wp-json\/wp\/v2\/pages\/159\/revisions"}],"predecessor-version":[{"id":1423,"href":"https:\/\/var2.in.rs\/index.php\/wp-json\/wp\/v2\/pages\/159\/revisions\/1423"}],"wp:attachment":[{"href":"https:\/\/var2.in.rs\/index.php\/wp-json\/wp\/v2\/media?parent=159"}],"curies":[{"name":"wp","href":"https:\/\/api.w.org\/{rel}","templated":true}]}}