{"id":98,"date":"2024-01-28T12:22:41","date_gmt":"2024-01-28T12:22:41","guid":{"rendered":"https:\/\/var2.in.rs\/?page_id=98"},"modified":"2024-02-08T15:29:20","modified_gmt":"2024-02-08T15:29:20","slug":"katarina-veljkovic","status":"publish","type":"page","link":"https:\/\/var2.in.rs\/index.php\/katarina-veljkovic\/","title":{"rendered":"Katarina Veljkovi\u0107"},"content":{"rendered":"\n<p>Dokumentarno igrani film Nada je tra\u017eenje odgovora:<br>ZA\u0160TO je bombardovan most 30.maja 1999. godine,<br>ZA\u0160TO su poginuli na\u0161i sugra\u0111ani,<br>ZA\u0160TO je odbijena \u017ealba,<br>\u0160TA je dr\u017eava Srbija uradila po tom pitanju i da kroz jedan kreativan vid izra\u017eavanja uputi apel da se tako ne\u0161to nikada ne ponovi a da se na jedan na\u010din poka\u017ee \u0161ta su nastradali \u017eeleli , hteli , uradili za svoga \u017eivota?<br>Nada je devoj\u010dica ro\u0111ena 30. maja 1999. godine u Varvarinu i pri\u010da Nam pri\u010du o na\u0161im sugra\u0111anima i njihovim snovima koji se nisu ostvarili.<br>Ujedno je pri\u010da o Varvarinu kakav je danas u kojem Nada \u017eivi i ima svoje snove i \u017eelje.<\/p>\n\n\n\n<figure class=\"wp-block-embed is-type-video is-provider-youtube wp-block-embed-youtube wp-embed-aspect-16-9 wp-has-aspect-ratio\"><div class=\"wp-block-embed__wrapper\">\n<iframe loading=\"lazy\" title=\"\u041d\u0430\u0434\u0430\" width=\"500\" height=\"281\" src=\"https:\/\/www.youtube.com\/embed\/41X4zKoH2DI?start=8&#038;feature=oembed\" frameborder=\"0\" allow=\"accelerometer; autoplay; clipboard-write; encrypted-media; gyroscope; picture-in-picture; web-share\" referrerpolicy=\"strict-origin-when-cross-origin\" allowfullscreen><\/iframe>\n<\/div><\/figure>\n","protected":false},"excerpt":{"rendered":"<p>Dokumentarno igrani film Nada je tra\u017eenje odgovora:ZA\u0160TO je bombardovan most 30.maja 1999. godine,ZA\u0160TO [&hellip;]<\/p>\n","protected":false},"author":1,"featured_media":0,"parent":0,"menu_order":0,"comment_status":"closed","ping_status":"closed","template":"","meta":{"footnotes":""},"class_list":["post-98","page","type-page","status-publish","hentry"],"_links":{"self":[{"href":"https:\/\/var2.in.rs\/index.php\/wp-json\/wp\/v2\/pages\/98","targetHints":{"allow":["GET"]}}],"collection":[{"href":"https:\/\/var2.in.rs\/index.php\/wp-json\/wp\/v2\/pages"}],"about":[{"href":"https:\/\/var2.in.rs\/index.php\/wp-json\/wp\/v2\/types\/page"}],"author":[{"embeddable":true,"href":"https:\/\/var2.in.rs\/index.php\/wp-json\/wp\/v2\/users\/1"}],"replies":[{"embeddable":true,"href":"https:\/\/var2.in.rs\/index.php\/wp-json\/wp\/v2\/comments?post=98"}],"version-history":[{"count":4,"href":"https:\/\/var2.in.rs\/index.php\/wp-json\/wp\/v2\/pages\/98\/revisions"}],"predecessor-version":[{"id":352,"href":"https:\/\/var2.in.rs\/index.php\/wp-json\/wp\/v2\/pages\/98\/revisions\/352"}],"wp:attachment":[{"href":"https:\/\/var2.in.rs\/index.php\/wp-json\/wp\/v2\/media?parent=98"}],"curies":[{"name":"wp","href":"https:\/\/api.w.org\/{rel}","templated":true}]}}